{"id":396,"date":"2026-03-23T11:34:47","date_gmt":"2026-03-23T11:34:47","guid":{"rendered":"https:\/\/psicoterapiasoniaferrer.es\/?page_id=396"},"modified":"2026-04-08T13:04:53","modified_gmt":"2026-04-08T13:04:53","slug":"terapia-grupal","status":"publish","type":"page","link":"https:\/\/psicoterapiasoniaferrer.es\/index.php\/terapia-grupal\/","title":{"rendered":"Terapia Grupal"},"content":{"rendered":"\t\t<div data-elementor-type=\"wp-page\" data-elementor-id=\"396\" class=\"elementor elementor-396\">\n\t\t\t\t<div class=\"elementor-element elementor-element-31e4f65 e-flex e-con-boxed e-con e-parent\" data-id=\"31e4f65\" data-element_type=\"container\" data-e-type=\"container\">\n\t\t\t\t\t<div class=\"e-con-inner\">\n\t\t<div class=\"elementor-element elementor-element-3303567 e-grid e-con-full e-con e-child\" data-id=\"3303567\" data-element_type=\"container\" data-e-type=\"container\" data-settings=\"{&quot;background_background&quot;:&quot;classic&quot;}\">\n\t\t\t\t<div class=\"elementor-element elementor-element-9fcf5fc elementor-widget elementor-widget-heading\" data-id=\"9fcf5fc\" data-element_type=\"widget\" data-e-type=\"widget\" data-widget_type=\"heading.default\">\n\t\t\t\t\t<h2 class=\"elementor-heading-title elementor-size-default\">\n<br><br><br><br><br><br><br><br><br>\n\n\n\n\n\u201cEl cuerpo guarda aquello que a veces la mente no alcanza a comprender\u201d<\/h2>\t\t\t\t<\/div>\n\t\t\t\t<\/div>\n\t\t\t\t\t<\/div>\n\t\t\t\t<\/div>\n\t\t<div class=\"elementor-element elementor-element-eaa2bd2 e-grid e-con-boxed e-con e-parent\" data-id=\"eaa2bd2\" data-element_type=\"container\" data-e-type=\"container\">\n\t\t\t\t\t<div class=\"e-con-inner\">\n\t\t\t\t<div class=\"elementor-element elementor-element-4807de8 elementor-widget-divider--view-line elementor-widget elementor-widget-divider\" data-id=\"4807de8\" data-element_type=\"widget\" data-e-type=\"widget\" data-widget_type=\"divider.default\">\n\t\t\t\t\t\t\t<div class=\"elementor-divider\">\n\t\t\t<span class=\"elementor-divider-separator\">\n\t\t\t\t\t\t<\/span>\n\t\t<\/div>\n\t\t\t\t\t\t<\/div>\n\t\t\t\t<div class=\"elementor-element elementor-element-47586a4 elementor-widget elementor-widget-heading\" data-id=\"47586a4\" data-element_type=\"widget\" data-e-type=\"widget\" data-widget_type=\"heading.default\">\n\t\t\t\t\t<h2 class=\"elementor-heading-title elementor-size-default\">Terapia grupal <br>cuerpo, emoci\u00f3n y conciencia<\/h2>\t\t\t\t<\/div>\n\t\t\t\t<div class=\"elementor-element elementor-element-812b7b0 elementor-widget-divider--view-line elementor-widget elementor-widget-divider\" data-id=\"812b7b0\" data-element_type=\"widget\" data-e-type=\"widget\" data-widget_type=\"divider.default\">\n\t\t\t\t\t\t\t<div class=\"elementor-divider\">\n\t\t\t<span class=\"elementor-divider-separator\">\n\t\t\t\t\t\t<\/span>\n\t\t<\/div>\n\t\t\t\t\t\t<\/div>\n\t\t\t\t\t<\/div>\n\t\t\t\t<\/div>\n\t\t<div class=\"elementor-element elementor-element-d0ae91e e-grid e-con-boxed e-con e-parent\" data-id=\"d0ae91e\" data-element_type=\"container\" data-e-type=\"container\">\n\t\t\t\t\t<div class=\"e-con-inner\">\n\t\t\t\t<div class=\"elementor-element elementor-element-0dfc5a0 elementor-widget elementor-widget-text-editor\" data-id=\"0dfc5a0\" data-element_type=\"widget\" data-e-type=\"widget\" data-widget_type=\"text-editor.default\">\n\t\t\t\t\t\t\t\t\t<p data-start=\"595\" data-end=\"682\">\u00a0Un espacio terap\u00e9utico donde poder parar, escucharte y compartir lo que est\u00e1s viviendo.<\/p><p data-start=\"684\" data-end=\"861\">A trav\u00e9s de la respiraci\u00f3n, el cuerpo y la presencia, iremos entrando poco a poco en un lugar m\u00e1s consciente, donde poder sentir con mayor claridad y abrir nuevas comprensiones.<\/p><p data-start=\"863\" data-end=\"1036\">Desde un enfoque integrador que une la terapia gestalt, el trabajo corporal y la expresi\u00f3n a trav\u00e9s del movimiento, cada sesi\u00f3n se adapta a lo que va emergiendo en el grupo.<\/p><p data-start=\"1038\" data-end=\"1206\">Habr\u00e1 momentos de calma, de conexi\u00f3n con el cuerpo, de palabra y tambi\u00e9n, si encaja, de movimiento libre y expresi\u00f3n. Siempre desde el respeto al ritmo de cada persona.<\/p><p data-start=\"1208\" data-end=\"1315\">No se trata de hacerlo bien, sino de permitirte estar, sentir y explorar en un entorno seguro y acompa\u00f1ado.<\/p>\t\t\t\t\t\t\t\t<\/div>\n\t\t\t\t\t<\/div>\n\t\t\t\t<\/div>\n\t\t<div class=\"elementor-element elementor-element-a1cf437 e-grid e-con-boxed e-con e-parent\" data-id=\"a1cf437\" data-element_type=\"container\" data-e-type=\"container\">\n\t\t\t\t\t<div class=\"e-con-inner\">\n\t\t\t\t<div class=\"elementor-element elementor-element-81b3da0 elementor-widget elementor-widget-heading\" data-id=\"81b3da0\" data-element_type=\"widget\" data-e-type=\"widget\" data-widget_type=\"heading.default\">\n\t\t\t\t\t<h2 class=\"elementor-heading-title elementor-size-default\">Para qui\u00e9n es este espacio<\/h2>\t\t\t\t<\/div>\n\t\t\t\t<div class=\"elementor-element elementor-element-b10a279 elementor-widget elementor-widget-text-editor\" data-id=\"b10a279\" data-element_type=\"widget\" data-e-type=\"widget\" data-widget_type=\"text-editor.default\">\n\t\t\t\t\t\t\t\t\t<p data-start=\"1357\" data-end=\"1389\">Este grupo puede ser para ti, cuando:\u00a0<\/p><ul data-start=\"1391\" data-end=\"1653\"><li data-start=\"1391\" data-end=\"1437\" data-section-id=\"um49wh\"><p data-start=\"1393\" data-end=\"1437\">Sientes la necesidad de parar y escucharte<\/p><\/li><li data-start=\"1438\" data-end=\"1479\" data-section-id=\"1w358v0\"><p data-start=\"1440\" data-end=\"1479\">Te cuesta conectar con lo que sientes<\/p><\/li><li data-start=\"1480\" data-end=\"1533\" data-section-id=\"17q19r9\"><p data-start=\"1482\" data-end=\"1533\">Est\u00e1s en un momento de cambio o b\u00fasqueda personal<\/p><\/li><li data-start=\"1534\" data-end=\"1589\" data-section-id=\"nd9nlo\"><p data-start=\"1536\" data-end=\"1589\">Quieres compartir en un espacio seguro y sin juicio<\/p><\/li><li data-start=\"1590\" data-end=\"1653\" data-section-id=\"2fe90b\"><p data-start=\"1592\" data-end=\"1653\">Te interesa explorar el cuerpo como v\u00eda de autoconocimiento<\/p><\/li><\/ul>\t\t\t\t\t\t\t\t<\/div>\n\t\t\t\t<div class=\"elementor-element elementor-element-2d4a74b elementor-widget elementor-widget-heading\" data-id=\"2d4a74b\" data-element_type=\"widget\" data-e-type=\"widget\" data-widget_type=\"heading.default\">\n\t\t\t\t\t<h2 class=\"elementor-heading-title elementor-size-default\">Qu\u00e9 te puede aportar<\/h2>\t\t\t\t<\/div>\n\t\t\t\t<div class=\"elementor-element elementor-element-ccd7a3d elementor-widget elementor-widget-text-editor\" data-id=\"ccd7a3d\" data-element_type=\"widget\" data-e-type=\"widget\" data-widget_type=\"text-editor.default\">\n\t\t\t\t\t\t\t\t\t<ul><li>Reconectar con tu cuerpo y tus emociones<\/li><li data-start=\"2233\" data-end=\"2270\" data-section-id=\"6nep6r\"><p data-start=\"2235\" data-end=\"2270\">Comprender mejor lo que te ocurre<\/p><\/li><li data-start=\"2271\" data-end=\"2319\" data-section-id=\"bhb821\"><p data-start=\"2273\" data-end=\"2319\">Expresar lo que sientes en un entorno seguro<\/p><\/li><li data-start=\"2320\" data-end=\"2359\" data-section-id=\"ac13qv\"><p data-start=\"2322\" data-end=\"2359\">Sentirte acompa\u00f1ado\/a en tu proceso<\/p><\/li><li data-start=\"2360\" data-end=\"2406\" data-section-id=\"1wc34qa\"><p data-start=\"2362\" data-end=\"2406\">Ampliar tu conciencia y tu escucha intern<\/p><\/li><\/ul>\t\t\t\t\t\t\t\t<\/div>\n\t\t\t\t\t<\/div>\n\t\t\t\t<\/div>\n\t\t<div class=\"elementor-element elementor-element-56a3843 e-grid e-con-boxed e-con e-parent\" data-id=\"56a3843\" data-element_type=\"container\" data-e-type=\"container\">\n\t\t\t\t\t<div class=\"e-con-inner\">\n\t\t\t\t<div class=\"elementor-element elementor-element-2aee66f elementor-widget elementor-widget-heading\" data-id=\"2aee66f\" data-element_type=\"widget\" data-e-type=\"widget\" data-widget_type=\"heading.default\">\n\t\t\t\t\t<h2 class=\"elementor-heading-title elementor-size-default\">C\u00f3mo son las sesiones<\/h2>\t\t\t\t<\/div>\n\t\t\t\t<div class=\"elementor-element elementor-element-7f793fb elementor-widget elementor-widget-text-editor\" data-id=\"7f793fb\" data-element_type=\"widget\" data-e-type=\"widget\" data-widget_type=\"text-editor.default\">\n\t\t\t\t\t\t\t\t\t<p data-start=\"1690\" data-end=\"1779\">Cada encuentro tiene una estructura que nos ayuda a entrar poco a poco en la experiencia:<\/p><ul data-start=\"1781\" data-end=\"2013\"><li data-start=\"1781\" data-end=\"1832\" data-section-id=\"1ydjpzb\"><p data-start=\"1783\" data-end=\"1832\">Un primer momento de centramiento y respiraci\u00f3n<\/p><\/li><li data-start=\"1833\" data-end=\"1901\" data-section-id=\"rdzy5y\"><p data-start=\"1835\" data-end=\"1901\">Un espacio de conexi\u00f3n corporal\u00a0<\/p><\/li><li data-start=\"1902\" data-end=\"1975\" data-section-id=\"m1s8xr\"><p data-start=\"1904\" data-end=\"1975\">Trabajo terap\u00e9utico desde lo que surge o desde una propuesta concreta<\/p><\/li><li data-start=\"1976\" data-end=\"2013\" data-section-id=\"iuo09v\"><p data-start=\"1978\" data-end=\"2013\">Un cierre para integrar lo vivido<\/p><\/li><\/ul><p data-start=\"2015\" data-end=\"2152\">En algunas sesiones se abrir\u00e1 tambi\u00e9n un espacio de movimiento libre o expresi\u00f3n corporal, como forma de explorar m\u00e1s all\u00e1 de la palabra.<\/p>\t\t\t\t\t\t\t\t<\/div>\n\t\t\t\t<div class=\"elementor-element elementor-element-8509a32 elementor-widget elementor-widget-heading\" data-id=\"8509a32\" data-element_type=\"widget\" data-e-type=\"widget\" data-widget_type=\"heading.default\">\n\t\t\t\t\t<h2 class=\"elementor-heading-title elementor-size-default\">Formato<\/h2>\t\t\t\t<\/div>\n\t\t\t\t<div class=\"elementor-element elementor-element-fe40adf elementor-widget elementor-widget-text-editor\" data-id=\"fe40adf\" data-element_type=\"widget\" data-e-type=\"widget\" data-widget_type=\"text-editor.default\">\n\t\t\t\t\t\t\t\t\t<p data-start=\"2427\" data-end=\"2480\">Grupo reducido, en un espacio cuidado y confidencial.<\/p><ul data-start=\"2482\" data-end=\"2580\"><li data-start=\"2482\" data-end=\"2505\" data-section-id=\"bbf79w\"><p data-start=\"2484\" data-end=\"2505\">Duraci\u00f3n: 1h30\u00a0<\/p><\/li><li data-start=\"2506\" data-end=\"2554\" data-section-id=\"chaidn\"><p data-start=\"2508\" data-end=\"2554\">Frecuencia:\u00a0 semanal\u00a0<\/p><\/li><li data-start=\"2555\" data-end=\"2580\" data-section-id=\"1dtt8rt\"><p data-start=\"2557\" data-end=\"2580\">Modalidad: presencial<\/p><\/li><\/ul>\t\t\t\t\t\t\t\t<\/div>\n\t\t\t\t\t<\/div>\n\t\t\t\t<\/div>\n\t\t<div class=\"elementor-element elementor-element-1b71138 e-flex e-con-boxed e-con e-parent\" data-id=\"1b71138\" data-element_type=\"container\" data-e-type=\"container\">\n\t\t\t\t\t<div class=\"e-con-inner\">\n\t\t\t\t<div class=\"elementor-element elementor-element-cc7dbf2 elementor-widget elementor-widget-html\" data-id=\"cc7dbf2\" data-element_type=\"widget\" data-e-type=\"widget\" data-widget_type=\"html.default\">\n\t\t\t\t\t<!-- FOOTER COMPLETO -->\n<div style=\"background:#f5f2eb;padding:40px 20px;font-family:Arial,sans-serif;border-top: 2px solid #a5b99a;\">\n\n  <div style=\"max-width:1100px;margin:auto;display:flex;justify-content:space-between;align-items:flex-start;flex-wrap:wrap;\">\n    \n    <!-- IZQUIERDA -->\n    <div style=\"max-width:600px;\">\n      \n      <div style=\"display:flex;align-items:center;gap:15px;\">\n        <!-- Logo -->\n        <img decoding=\"async\" src=\"http:\/\/psicoterapiasoniaferrer.es\/wp-content\/uploads\/2026\/03\/logo.png\" style=\"width:80px;\">\n        \n        <div>\n          <h2 style=\"margin:0;color:#3e5f3c;\">Sonia Ferrer<\/h2>\n          <p style=\"margin:0;color:#3e5f3c;\">\n            Psic\u00f3loga Sanitaria Col. 23.503<br>\n            Terapeuta Gestalt\n          <\/p>\n        <\/div>\n      <\/div>\n\n      <p style=\"margin-top:15px;color:#3e5f3c;\">\n        Consulta presencial Barcelona y Sant Sadurn\u00ed<br>\n        Consulta online<br>\n        \ud83d\udcde Tel\u00e9fono 660 802 443\n      <\/p>\n\n    <\/div>\n\n    <!-- DERECHA -->\n    <div style=\"text-align:right;max-width:300px;\">\n      \n      <a href=\"https:\/\/psicoterapiasoniaferrer.es\/\" style=\"display:block;margin:6px 0;color:#3e5f3c;text-decoration:none;\">\n        Inicio\n      <\/a>\n      \n      <a href=\"https:\/\/psicoterapiasoniaferrer.es\/index.php\/sobre-mi\/\" style=\"display:block;margin:6px 0;color:#3e5f3c;text-decoration:none;\">\n        Sobre m\u00ed\n      <\/a>\n      \n      <div style=\"margin:10px 0;\">\n        <p style=\"margin:5px 0;color:#3e5f3c;font-weight:bold;\">Servicios<\/p>\n\n        <a href=\"https:\/\/psicoterapiasoniaferrer.es\/index.php\/servicios\/\" style=\"display:block;margin:4px 0;color:#3e5f3c;text-decoration:none;\">\n          Terapia individual\n        <\/a>\n\n        <a href=\"https:\/\/psicoterapiasoniaferrer.es\/index.php\/servicios\/\" style=\"display:block;margin:4px 0;color:#3e5f3c;text-decoration:none;\">\n          Terapia de pareja\n        <\/a>\n\n        <a href=\"https:\/\/psicoterapiasoniaferrer.es\/index.php\/terapia-grupal\/\" style=\"display:block;margin:4px 0;color:#3e5f3c;text-decoration:none;\">\n          Terapia grupal\n        <\/a>\n      <\/div>\n\n      <a href=\"https:\/\/psicoterapiasoniaferrer.es\/index.php\/blog\/\" style=\"display:block;margin:6px 0;color:#3e5f3c;text-decoration:none;\">\n        Blog\n      <\/a>\n      \n      <a href=\"https:\/\/psicoterapiasoniaferrer.es\/index.php\/pedir-cita\/\" style=\"display:block;margin:6px 0;color:#3e5f3c;font-weight:bold;\">\n        Pedir cita\n      <\/a>\n\n      <a href=\"https:\/\/psicoterapiasoniaferrer.es\/index.php\/politica-de-privacidad\/\" style=\"display:block;margin:6px 0;color:#3e5f3c;text-decoration:none;\">\n        Aviso Legal y Pol\u00edtica de Privacidad\n      <\/a>\n\n    <\/div>\n\n  <\/div>\n\n<\/div>\t\t\t\t<\/div>\n\t\t\t\t\t<\/div>\n\t\t\t\t<\/div>\n\t\t\t\t<\/div>\n\t\t","protected":false},"excerpt":{"rendered":"<p>\u201cEl cuerpo guarda aquello que a veces la mente no alcanza a comprender\u201d Terapia grupal cuerpo, emoci\u00f3n y conciencia \u00a0Un [&hellip;]<\/p>\n","protected":false},"author":1,"featured_media":0,"parent":0,"menu_order":0,"comment_status":"closed","ping_status":"closed","template":"","meta":{"site-sidebar-layout":"no-sidebar","site-content-layout":"","ast-site-content-layout":"full-width-container","site-content-style":"default","site-sidebar-style":"default","ast-global-header-display":"","ast-banner-title-visibility":"","ast-main-header-display":"","ast-hfb-above-header-display":"","ast-hfb-below-header-display":"","ast-hfb-mobile-header-display":"","site-post-title":"","ast-breadcrumbs-content":"","ast-featured-img":"disabled","footer-sml-layout":"","ast-disable-related-posts":"","theme-transparent-header-meta":"","adv-header-id-meta":"","stick-header-meta":"","header-above-stick-meta":"","header-main-stick-meta":"","header-below-stick-meta":"","astra-migrate-meta-layouts":"default","ast-page-background-enabled":"default","ast-page-background-meta":{"desktop":{"background-color":"var(--ast-global-color-5)","background-image":"","background-repeat":"repeat","background-position":"center center","background-size":"auto","background-attachment":"scroll","background-type":"","background-media":"","overlay-type":"","overlay-color":"","overlay-opacity":"","overlay-gradient":""},"tablet":{"background-color":"","background-image":"","background-repeat":"repeat","background-position":"center center","background-size":"auto","background-attachment":"scroll","background-type":"","background-media":"","overlay-type":"","overlay-color":"","overlay-opacity":"","overlay-gradient":""},"mobile":{"background-color":"","background-image":"","background-repeat":"repeat","background-position":"center center","background-size":"auto","background-attachment":"scroll","background-type":"","background-media":"","overlay-type":"","overlay-color":"","overlay-opacity":"","overlay-gradient":""}},"ast-content-background-meta":{"desktop":{"background-color":"var(--ast-global-color-4)","background-image":"","background-repeat":"repeat","background-position":"center center","background-size":"auto","background-attachment":"scroll","background-type":"","background-media":"","overlay-type":"","overlay-color":"","overlay-opacity":"","overlay-gradient":""},"tablet":{"background-color":"var(--ast-global-color-4)","background-image":"","background-repeat":"repeat","background-position":"center center","background-size":"auto","background-attachment":"scroll","background-type":"","background-media":"","overlay-type":"","overlay-color":"","overlay-opacity":"","overlay-gradient":""},"mobile":{"background-color":"var(--ast-global-color-4)","background-image":"","background-repeat":"repeat","background-position":"center center","background-size":"auto","background-attachment":"scroll","background-type":"","background-media":"","overlay-type":"","overlay-color":"","overlay-opacity":"","overlay-gradient":""}},"footnotes":""},"class_list":["post-396","page","type-page","status-publish","hentry"],"_links":{"self":[{"href":"https:\/\/psicoterapiasoniaferrer.es\/index.php\/wp-json\/wp\/v2\/pages\/396","targetHints":{"allow":["GET"]}}],"collection":[{"href":"https:\/\/psicoterapiasoniaferrer.es\/index.php\/wp-json\/wp\/v2\/pages"}],"about":[{"href":"https:\/\/psicoterapiasoniaferrer.es\/index.php\/wp-json\/wp\/v2\/types\/page"}],"author":[{"embeddable":true,"href":"https:\/\/psicoterapiasoniaferrer.es\/index.php\/wp-json\/wp\/v2\/users\/1"}],"replies":[{"embeddable":true,"href":"https:\/\/psicoterapiasoniaferrer.es\/index.php\/wp-json\/wp\/v2\/comments?post=396"}],"version-history":[{"count":46,"href":"https:\/\/psicoterapiasoniaferrer.es\/index.php\/wp-json\/wp\/v2\/pages\/396\/revisions"}],"predecessor-version":[{"id":878,"href":"https:\/\/psicoterapiasoniaferrer.es\/index.php\/wp-json\/wp\/v2\/pages\/396\/revisions\/878"}],"wp:attachment":[{"href":"https:\/\/psicoterapiasoniaferrer.es\/index.php\/wp-json\/wp\/v2\/media?parent=396"}],"curies":[{"name":"wp","href":"https:\/\/api.w.org\/{rel}","templated":true}]}}