{"id":32,"date":"2026-03-12T11:33:31","date_gmt":"2026-03-12T11:33:31","guid":{"rendered":"https:\/\/psicoterapiasoniaferrer.es\/?page_id=32"},"modified":"2026-04-08T13:00:40","modified_gmt":"2026-04-08T13:00:40","slug":"servicios","status":"publish","type":"page","link":"https:\/\/psicoterapiasoniaferrer.es\/index.php\/servicios\/","title":{"rendered":"Servicios"},"content":{"rendered":"\t\t<div data-elementor-type=\"wp-page\" data-elementor-id=\"32\" class=\"elementor elementor-32\">\n\t\t\t\t<div class=\"elementor-element elementor-element-4c2c719 e-grid e-con-boxed e-con e-parent\" data-id=\"4c2c719\" data-element_type=\"container\" data-e-type=\"container\">\n\t\t\t\t\t<div class=\"e-con-inner\">\n\t\t\t\t<div class=\"elementor-element elementor-element-b9df547 elementor-widget-divider--view-line elementor-widget elementor-widget-divider\" data-id=\"b9df547\" data-element_type=\"widget\" data-e-type=\"widget\" data-widget_type=\"divider.default\">\n\t\t\t\t\t\t\t<div class=\"elementor-divider\">\n\t\t\t<span class=\"elementor-divider-separator\">\n\t\t\t\t\t\t<\/span>\n\t\t<\/div>\n\t\t\t\t\t\t<\/div>\n\t\t\t\t<div class=\"elementor-element elementor-element-e9ad4ef elementor-widget elementor-widget-heading\" data-id=\"e9ad4ef\" data-element_type=\"widget\" data-e-type=\"widget\" data-widget_type=\"heading.default\">\n\t\t\t\t\t<h2 class=\"elementor-heading-title elementor-size-default\">Terapia individual<\/h2>\t\t\t\t<\/div>\n\t\t\t\t<div class=\"elementor-element elementor-element-14f72a0 elementor-widget-divider--view-line elementor-widget elementor-widget-divider\" data-id=\"14f72a0\" data-element_type=\"widget\" data-e-type=\"widget\" data-widget_type=\"divider.default\">\n\t\t\t\t\t\t\t<div class=\"elementor-divider\">\n\t\t\t<span class=\"elementor-divider-separator\">\n\t\t\t\t\t\t<\/span>\n\t\t<\/div>\n\t\t\t\t\t\t<\/div>\n\t\t\t\t\t<\/div>\n\t\t\t\t<\/div>\n\t\t<div class=\"elementor-element elementor-element-93a77dd e-grid e-con-boxed e-con e-parent\" data-id=\"93a77dd\" data-element_type=\"container\" data-e-type=\"container\">\n\t\t\t\t\t<div class=\"e-con-inner\">\n\t\t\t\t<div class=\"elementor-element elementor-element-8a9b3e5 elementor-widget elementor-widget-heading\" data-id=\"8a9b3e5\" data-element_type=\"widget\" data-e-type=\"widget\" data-widget_type=\"heading.default\">\n\t\t\t\t\t<h2 class=\"elementor-heading-title elementor-size-default\">Infanto-juvenil<\/h2>\t\t\t\t<\/div>\n\t\t\t\t\t<\/div>\n\t\t\t\t<\/div>\n\t\t<div class=\"elementor-element elementor-element-96e8039 e-grid e-con-boxed e-con e-parent\" data-id=\"96e8039\" data-element_type=\"container\" data-e-type=\"container\">\n\t\t\t\t\t<div class=\"e-con-inner\">\n\t\t\t\t<div class=\"elementor-element elementor-element-3258dfa elementor-widget elementor-widget-image\" data-id=\"3258dfa\" data-element_type=\"widget\" data-e-type=\"widget\" data-widget_type=\"image.default\">\n\t\t\t\t\t\t\t\t\t\t\t\t\t\t\t<img fetchpriority=\"high\" decoding=\"async\" width=\"600\" height=\"450\" src=\"https:\/\/psicoterapiasoniaferrer.es\/wp-content\/uploads\/2026\/03\/40.webp\" class=\"attachment-large size-large wp-image-49\" alt=\"\" srcset=\"https:\/\/psicoterapiasoniaferrer.es\/wp-content\/uploads\/2026\/03\/40.webp 600w, https:\/\/psicoterapiasoniaferrer.es\/wp-content\/uploads\/2026\/03\/40-300x225.webp 300w\" sizes=\"(max-width: 600px) 100vw, 600px\" \/>\t\t\t\t\t\t\t\t\t\t\t\t\t\t\t<\/div>\n\t\t\t\t<div class=\"elementor-element elementor-element-9931fcd elementor-widget elementor-widget-text-editor\" data-id=\"9931fcd\" data-element_type=\"widget\" data-e-type=\"widget\" data-widget_type=\"text-editor.default\">\n\t\t\t\t\t\t\t\t\t<p><span style=\"text-decoration: underline;\"><b>Psicoterapia en ni\u00f1os<\/b><\/span><\/p><p><span style=\"font-weight: 400;\">Proporciono un espacio seguro, que se adapte a ellos y a sus necesidades. A trav\u00e9s de la Play Therapy abordamos situaciones dif\u00edciles y realizamos un trabajo psicoemocional para conocer, sentir y poder gestionar las emociones.\u00a0<\/span><\/p><p><span style=\"font-weight: 400;\">Complementamos el trabajo con la colaboraci\u00f3n de los padres o figuras educativas, ofreciendo una orientaci\u00f3n psicoeducativa.\u00a0<\/span><\/p><p><span style=\"text-decoration: underline;\"><b>Psicoterapia en adolescentes\u00a0<\/b><\/span><\/p><p><span style=\"font-weight: 400;\">Un lugar de escucha y empat\u00eda, donde tengan su propia voz y puedan expresarse libremente. Un aprendizaje vivo, activo y respetuoso, a trav\u00e9s de la terapia Gestalt<\/span><\/p>\t\t\t\t\t\t\t\t<\/div>\n\t\t<div class=\"elementor-element elementor-element-0ba4e44 e-con-full e-flex e-con e-child\" data-id=\"0ba4e44\" data-element_type=\"container\" data-e-type=\"container\">\n\t\t\t\t<div class=\"elementor-element elementor-element-a9d84fc elementor-widget elementor-widget-heading\" data-id=\"a9d84fc\" data-element_type=\"widget\" data-e-type=\"widget\" data-widget_type=\"heading.default\">\n\t\t\t\t\t<h2 class=\"elementor-heading-title elementor-size-default\">Psicoterapia en adultos<\/h2>\t\t\t\t<\/div>\n\t\t\t\t<\/div>\n\t\t\t\t\t<\/div>\n\t\t\t\t<\/div>\n\t\t<div class=\"elementor-element elementor-element-588be58 e-grid e-con-boxed e-con e-parent\" data-id=\"588be58\" data-element_type=\"container\" data-e-type=\"container\">\n\t\t\t\t\t<div class=\"e-con-inner\">\n\t\t\t\t<div class=\"elementor-element elementor-element-60f154a elementor-widget elementor-widget-image\" data-id=\"60f154a\" data-element_type=\"widget\" data-e-type=\"widget\" data-widget_type=\"image.default\">\n\t\t\t\t\t\t\t\t\t\t\t\t\t\t\t<img decoding=\"async\" width=\"1024\" height=\"768\" src=\"https:\/\/psicoterapiasoniaferrer.es\/wp-content\/uploads\/2026\/03\/sobremi-1024x768.jpg\" class=\"attachment-large size-large wp-image-237\" alt=\"\" srcset=\"https:\/\/psicoterapiasoniaferrer.es\/wp-content\/uploads\/2026\/03\/sobremi-1024x768.jpg 1024w, https:\/\/psicoterapiasoniaferrer.es\/wp-content\/uploads\/2026\/03\/sobremi-300x225.jpg 300w, https:\/\/psicoterapiasoniaferrer.es\/wp-content\/uploads\/2026\/03\/sobremi-768x576.jpg 768w, https:\/\/psicoterapiasoniaferrer.es\/wp-content\/uploads\/2026\/03\/sobremi-1536x1152.jpg 1536w, https:\/\/psicoterapiasoniaferrer.es\/wp-content\/uploads\/2026\/03\/sobremi-2048x1536.jpg 2048w\" sizes=\"(max-width: 1024px) 100vw, 1024px\" \/>\t\t\t\t\t\t\t\t\t\t\t\t\t\t\t<\/div>\n\t\t\t\t<div class=\"elementor-element elementor-element-986383c elementor-widget elementor-widget-text-editor\" data-id=\"986383c\" data-element_type=\"widget\" data-e-type=\"widget\" data-widget_type=\"text-editor.default\">\n\t\t\t\t\t\t\t\t\t<p><span style=\"font-weight: 400;\">Un espacio en el qu\u00e9 ahondar en ti mismo:&nbsp;<\/span><\/p>\n<ul>\n<li><span style=\"font-weight: 400;\">\u00bfQu\u00e9 sientes?<\/span><\/li>\n<li><span style=\"font-weight: 400;\">\u00bfQu\u00e9 est\u00e1s necesitando&nbsp; y c\u00f3mo puedes dartelo?&nbsp;<\/span><\/li>\n<li><span style=\"font-weight: 400;\">\u00bfC\u00f3mo puedes afrontar esta situaci\u00f3n?<\/span><\/li>\n<\/ul>\n<p><span style=\"font-weight: 400;\">Ser\u00e1 un espacio de confianza donde puedas reconocerte, sentir y expresarte.&nbsp;<\/span><\/p>\n<p><span style=\"font-weight: 400;\">Un viaje de dentro hacia afuera, para tomar&nbsp; mayor conciencia de ti mismo, de tu relaci\u00f3n con los dem\u00e1s y con la propia vida.&nbsp;<\/span><\/p>\n<p><span style=\"font-weight: 400;\">Te podr\u00e9 acompa\u00f1ar en aquellos procesos dolorosos en los que te encuentres ahora, en las huellas del pasado que te siguen afectando hoy en d\u00eda. Juntos resolveremos aquello que est\u00e1 pendiente y que te genera malestar.&nbsp;<\/span><\/p>\n<p><span style=\"font-weight: 400;\">Deseo que la Terapia sea un camino donde encuentres una tierra f\u00e9rtil, que te permita crear y transformar aquello que sea necesario para tu bienestar contigo mismo y con los dem\u00e1s y Espero que conjuntamente podamos encontrarnos en este prop\u00f3sito.<\/span><\/p>\t\t\t\t\t\t\t\t<\/div>\n\t\t\t\t<div class=\"elementor-element elementor-element-b331117 elementor-widget elementor-widget-menu-anchor\" data-id=\"b331117\" data-element_type=\"widget\" data-e-type=\"widget\" data-widget_type=\"menu-anchor.default\">\n\t\t\t\t\t\t\t<div class=\"elementor-menu-anchor\" id=\"nios-adolescentes-adultos\"><\/div>\n\t\t\t\t\t\t<\/div>\n\t\t\t\t\t<\/div>\n\t\t\t\t<\/div>\n\t\t<div class=\"elementor-element elementor-element-081fb62 e-grid e-con-full e-con e-parent\" data-id=\"081fb62\" data-element_type=\"container\" data-e-type=\"container\">\n\t\t\t\t<div class=\"elementor-element elementor-element-6831a58 elementor-widget elementor-widget-menu-anchor\" data-id=\"6831a58\" data-element_type=\"widget\" data-e-type=\"widget\" data-widget_type=\"menu-anchor.default\">\n\t\t\t\t\t\t\t<div class=\"elementor-menu-anchor\" id=\"parejas\"><\/div>\n\t\t\t\t\t\t<\/div>\n\t\t\t\t<\/div>\n\t\t<div class=\"elementor-element elementor-element-ba98b13 e-grid e-con-boxed e-con e-parent\" data-id=\"ba98b13\" data-element_type=\"container\" data-e-type=\"container\">\n\t\t\t\t\t<div class=\"e-con-inner\">\n\t\t\t\t<div class=\"elementor-element elementor-element-e6beedf elementor-widget-divider--view-line elementor-widget elementor-widget-divider\" data-id=\"e6beedf\" data-element_type=\"widget\" data-e-type=\"widget\" data-widget_type=\"divider.default\">\n\t\t\t\t\t\t\t<div class=\"elementor-divider\">\n\t\t\t<span class=\"elementor-divider-separator\">\n\t\t\t\t\t\t<\/span>\n\t\t<\/div>\n\t\t\t\t\t\t<\/div>\n\t\t\t\t<div class=\"elementor-element elementor-element-e7094c8 elementor-widget elementor-widget-heading\" data-id=\"e7094c8\" data-element_type=\"widget\" data-e-type=\"widget\" data-widget_type=\"heading.default\">\n\t\t\t\t\t<h2 class=\"elementor-heading-title elementor-size-default\">Psicoterapia de pareja<\/h2>\t\t\t\t<\/div>\n\t\t\t\t<div class=\"elementor-element elementor-element-12357d7 elementor-widget-divider--view-line elementor-widget elementor-widget-divider\" data-id=\"12357d7\" data-element_type=\"widget\" data-e-type=\"widget\" data-widget_type=\"divider.default\">\n\t\t\t\t\t\t\t<div class=\"elementor-divider\">\n\t\t\t<span class=\"elementor-divider-separator\">\n\t\t\t\t\t\t<\/span>\n\t\t<\/div>\n\t\t\t\t\t\t<\/div>\n\t\t\t\t\t<\/div>\n\t\t\t\t<\/div>\n\t\t<div class=\"elementor-element elementor-element-bfb2ad2 e-grid e-con-boxed e-con e-parent\" data-id=\"bfb2ad2\" data-element_type=\"container\" data-e-type=\"container\">\n\t\t\t\t\t<div class=\"e-con-inner\">\n\t\t\t\t<div class=\"elementor-element elementor-element-3d6e5ea elementor-widget elementor-widget-text-editor\" data-id=\"3d6e5ea\" data-element_type=\"widget\" data-e-type=\"widget\" data-widget_type=\"text-editor.default\">\n\t\t\t\t\t\t\t\t\t<p><span style=\"font-weight: 400;\">Es un nuevo espacio, donde reencontraros, desde la escucha y la posibilidad de veros el uno al otro desde una mayor conciencia y empat\u00eda.\u00a0<\/span><\/p><p><span style=\"font-weight: 400;\">Os puedo acompa\u00f1ar en el proceso de:<\/span><\/p><ul><li style=\"font-weight: 400;\" aria-level=\"1\"><b>Reconstruir esos puentes que parecen haberse derrumbado con el tiempo.<\/b><\/li><li style=\"font-weight: 400;\" aria-level=\"1\"><b>Redescubrir vuestra capacidad de escuchar, comprender y, sobre todo, amar.<\/b><\/li><li style=\"font-weight: 400;\" aria-level=\"1\"><b>Lograr un proceso de separaci\u00f3n consciente y respetuoso.<\/b><span style=\"font-weight: 400;\">\u00a0<\/span><\/li><\/ul><p><span style=\"font-weight: 400;\">\u00a0Juntos trabajaremos para identificar las ra\u00edces de los conflictos, aprendiendo a ver la crisis como una invaluable oportunidad de cambio y crecimiento.<\/span><\/p><p><span style=\"font-weight: 400;\">Mi enfoque se basa en la empat\u00eda, el respeto mutuo y la conciencia plena de cada uno hacia el otro, permitiendo que cada miembro de la pareja ocupe su espacio vital con sus propias inquietudes, deseos y necesidades.<\/span><\/p>\t\t\t\t\t\t\t\t<\/div>\n\t\t\t\t<div class=\"elementor-element elementor-element-aa19933 elementor-widget elementor-widget-image\" data-id=\"aa19933\" data-element_type=\"widget\" data-e-type=\"widget\" data-widget_type=\"image.default\">\n\t\t\t\t\t\t\t\t\t\t\t\t\t\t\t<img decoding=\"async\" width=\"600\" height=\"450\" src=\"https:\/\/psicoterapiasoniaferrer.es\/wp-content\/uploads\/2026\/03\/65.webp\" class=\"attachment-large size-large wp-image-43\" alt=\"\" srcset=\"https:\/\/psicoterapiasoniaferrer.es\/wp-content\/uploads\/2026\/03\/65.webp 600w, https:\/\/psicoterapiasoniaferrer.es\/wp-content\/uploads\/2026\/03\/65-300x225.webp 300w\" sizes=\"(max-width: 600px) 100vw, 600px\" \/>\t\t\t\t\t\t\t\t\t\t\t\t\t\t\t<\/div>\n\t\t\t\t<div class=\"elementor-element elementor-element-0477e44 elementor-widget elementor-widget-menu-anchor\" data-id=\"0477e44\" data-element_type=\"widget\" data-e-type=\"widget\" data-widget_type=\"menu-anchor.default\">\n\t\t\t\t\t\t\t<div class=\"elementor-menu-anchor\" id=\"grupal\"><\/div>\n\t\t\t\t\t\t<\/div>\n\t\t\t\t<div class=\"elementor-element elementor-element-304bc25 elementor-widget elementor-widget-menu-anchor\" data-id=\"304bc25\" data-element_type=\"widget\" data-e-type=\"widget\" data-widget_type=\"menu-anchor.default\">\n\t\t\t\t\t\t\t<div class=\"elementor-menu-anchor\" id=\"parejas\"><\/div>\n\t\t\t\t\t\t<\/div>\n\t\t\t\t\t<\/div>\n\t\t\t\t<\/div>\n\t\t<div class=\"elementor-element elementor-element-957bf6b e-grid e-con-boxed e-con e-parent\" data-id=\"957bf6b\" data-element_type=\"container\" data-e-type=\"container\">\n\t\t\t\t\t<div class=\"e-con-inner\">\n\t\t\t\t<div class=\"elementor-element elementor-element-1ef1155 elementor-widget-divider--view-line elementor-widget elementor-widget-divider\" data-id=\"1ef1155\" data-element_type=\"widget\" data-e-type=\"widget\" data-widget_type=\"divider.default\">\n\t\t\t\t\t\t\t<div class=\"elementor-divider\">\n\t\t\t<span class=\"elementor-divider-separator\">\n\t\t\t\t\t\t<\/span>\n\t\t<\/div>\n\t\t\t\t\t\t<\/div>\n\t\t\t\t<div class=\"elementor-element elementor-element-77df1e1 elementor-widget elementor-widget-heading\" data-id=\"77df1e1\" data-element_type=\"widget\" data-e-type=\"widget\" data-widget_type=\"heading.default\">\n\t\t\t\t\t<h2 class=\"elementor-heading-title elementor-size-default\">Terapia grupal<br>cuerpo, emoci\u00f3n y conciencia<\/h2>\t\t\t\t<\/div>\n\t\t\t\t<div class=\"elementor-element elementor-element-0dd83c7 elementor-widget-divider--view-line elementor-widget elementor-widget-divider\" data-id=\"0dd83c7\" data-element_type=\"widget\" data-e-type=\"widget\" data-widget_type=\"divider.default\">\n\t\t\t\t\t\t\t<div class=\"elementor-divider\">\n\t\t\t<span class=\"elementor-divider-separator\">\n\t\t\t\t\t\t<\/span>\n\t\t<\/div>\n\t\t\t\t\t\t<\/div>\n\t\t\t\t\t<\/div>\n\t\t\t\t<\/div>\n\t\t<div class=\"elementor-element elementor-element-4cd6164 e-grid e-con-boxed e-con e-parent\" data-id=\"4cd6164\" data-element_type=\"container\" data-e-type=\"container\">\n\t\t\t\t\t<div class=\"e-con-inner\">\n\t\t\t\t<div class=\"elementor-element elementor-element-d017431 elementor-widget elementor-widget-image\" data-id=\"d017431\" data-element_type=\"widget\" data-e-type=\"widget\" data-widget_type=\"image.default\">\n\t\t\t\t\t\t\t\t\t\t\t\t\t\t\t<img loading=\"lazy\" decoding=\"async\" width=\"1024\" height=\"573\" src=\"https:\/\/psicoterapiasoniaferrer.es\/wp-content\/uploads\/2026\/03\/69-1024x573.webp\" class=\"attachment-large size-large wp-image-41\" alt=\"\" srcset=\"https:\/\/psicoterapiasoniaferrer.es\/wp-content\/uploads\/2026\/03\/69-1024x573.webp 1024w, https:\/\/psicoterapiasoniaferrer.es\/wp-content\/uploads\/2026\/03\/69-300x168.webp 300w, https:\/\/psicoterapiasoniaferrer.es\/wp-content\/uploads\/2026\/03\/69-768x430.webp 768w, https:\/\/psicoterapiasoniaferrer.es\/wp-content\/uploads\/2026\/03\/69-1536x860.webp 1536w, https:\/\/psicoterapiasoniaferrer.es\/wp-content\/uploads\/2026\/03\/69-2048x1146.webp 2048w\" sizes=\"(max-width: 1024px) 100vw, 1024px\" \/>\t\t\t\t\t\t\t\t\t\t\t\t\t\t\t<\/div>\n\t\t\t\t<div class=\"elementor-element elementor-element-1a380d5 elementor-widget elementor-widget-text-editor\" data-id=\"1a380d5\" data-element_type=\"widget\" data-e-type=\"widget\" data-widget_type=\"text-editor.default\">\n\t\t\t\t\t\t\t\t\t<p data-start=\"595\" data-end=\"682\">Un espacio terap\u00e9utico donde poder parar, escucharte y compartir lo que est\u00e1s viviendo.<\/p><p data-start=\"684\" data-end=\"861\">A trav\u00e9s de la respiraci\u00f3n, el cuerpo y la presencia, iremos entrando poco a poco en un lugar m\u00e1s consciente, donde poder sentir con mayor claridad y abrir nuevas comprensiones.<\/p><p data-start=\"863\" data-end=\"1036\">Desde un enfoque integrador que une la terapia gestalt, el trabajo corporal y la expresi\u00f3n a trav\u00e9s del movimiento, cada sesi\u00f3n se adapta a lo que va emergiendo en el grupo.<\/p><p data-start=\"1038\" data-end=\"1206\">Habr\u00e1 momentos de calma, de conexi\u00f3n con el cuerpo, de palabra y tambi\u00e9n, si encaja, de movimiento libre y expresi\u00f3n. Siempre desde el respeto al ritmo de cada persona.<\/p><p data-start=\"1208\" data-end=\"1315\">No se trata de hacerlo bien, sino de permitirte estar, sentir y explorar en un entorno seguro y acompa\u00f1ado.<\/p>\t\t\t\t\t\t\t\t<\/div>\n\t\t\t\t<div class=\"elementor-element elementor-element-5072ca0 elementor-widget elementor-widget-menu-anchor\" data-id=\"5072ca0\" data-element_type=\"widget\" data-e-type=\"widget\" data-widget_type=\"menu-anchor.default\">\n\t\t\t\t\t\t\t<div class=\"elementor-menu-anchor\" id=\"grupal-mob\"><\/div>\n\t\t\t\t\t\t<\/div>\n\t\t\t\t\t<\/div>\n\t\t\t\t<\/div>\n\t\t<div class=\"elementor-element elementor-element-1346c2c e-flex e-con-boxed e-con e-parent\" data-id=\"1346c2c\" data-element_type=\"container\" data-e-type=\"container\">\n\t\t\t\t\t<div class=\"e-con-inner\">\n\t\t\t\t<div class=\"elementor-element elementor-element-29b9f0c elementor-widget elementor-widget-html\" data-id=\"29b9f0c\" data-element_type=\"widget\" data-e-type=\"widget\" data-widget_type=\"html.default\">\n\t\t\t\t\t<!-- FOOTER COMPLETO -->\n<div style=\"background:#f5f2eb;padding:40px 20px;font-family:Arial,sans-serif;border-top: 2px solid #a5b99a;\">\n\n  <div style=\"max-width:1100px;margin:auto;display:flex;justify-content:space-between;align-items:flex-start;flex-wrap:wrap;\">\n    \n    <!-- IZQUIERDA -->\n    <div style=\"max-width:600px;\">\n      \n      <div style=\"display:flex;align-items:center;gap:15px;\">\n        <!-- Logo -->\n        <img decoding=\"async\" src=\"http:\/\/psicoterapiasoniaferrer.es\/wp-content\/uploads\/2026\/03\/logo.png\" style=\"width:80px;\">\n        \n        <div>\n          <h2 style=\"margin:0;color:#3e5f3c;\">Sonia Ferrer<\/h2>\n          <p style=\"margin:0;color:#3e5f3c;\">\n            Psic\u00f3loga Sanitaria Col. 23.503<br>\n            Terapeuta Gestalt\n          <\/p>\n        <\/div>\n      <\/div>\n\n      <p style=\"margin-top:15px;color:#3e5f3c;\">\n        Consulta presencial Barcelona y Sant Sadurn\u00ed<br>\n        Consulta online<br>\n        \ud83d\udcde Tel\u00e9fono 660 802 443\n      <\/p>\n\n    <\/div>\n\n    <!-- DERECHA -->\n    <div style=\"text-align:right;max-width:300px;\">\n      \n      <a href=\"https:\/\/psicoterapiasoniaferrer.es\/\" style=\"display:block;margin:6px 0;color:#3e5f3c;text-decoration:none;\">\n        Inicio\n      <\/a>\n      \n      <a href=\"https:\/\/psicoterapiasoniaferrer.es\/index.php\/sobre-mi\/\" style=\"display:block;margin:6px 0;color:#3e5f3c;text-decoration:none;\">\n        Sobre m\u00ed\n      <\/a>\n      \n      <div style=\"margin:10px 0;\">\n        <p style=\"margin:5px 0;color:#3e5f3c;font-weight:bold;\">Servicios<\/p>\n\n        <a href=\"https:\/\/psicoterapiasoniaferrer.es\/index.php\/servicios\/\" style=\"display:block;margin:4px 0;color:#3e5f3c;text-decoration:none;\">\n          Terapia individual\n        <\/a>\n\n        <a href=\"https:\/\/psicoterapiasoniaferrer.es\/index.php\/servicios\/\" style=\"display:block;margin:4px 0;color:#3e5f3c;text-decoration:none;\">\n          Terapia de pareja\n        <\/a>\n\n        <a href=\"https:\/\/psicoterapiasoniaferrer.es\/index.php\/terapia-grupal\/\" style=\"display:block;margin:4px 0;color:#3e5f3c;text-decoration:none;\">\n          Terapia grupal\n        <\/a>\n      <\/div>\n\n      <a href=\"https:\/\/psicoterapiasoniaferrer.es\/index.php\/blog\/\" style=\"display:block;margin:6px 0;color:#3e5f3c;text-decoration:none;\">\n        Blog\n      <\/a>\n      \n      <a href=\"https:\/\/psicoterapiasoniaferrer.es\/index.php\/pedir-cita\/\" style=\"display:block;margin:6px 0;color:#3e5f3c;font-weight:bold;\">\n        Pedir cita\n      <\/a>\n\n      <a href=\"https:\/\/psicoterapiasoniaferrer.es\/index.php\/politica-de-privacidad\/\" style=\"display:block;margin:6px 0;color:#3e5f3c;text-decoration:none;\">\n        Aviso Legal y Pol\u00edtica de Privacidad\n      <\/a>\n\n    <\/div>\n\n  <\/div>\n\n<\/div>\t\t\t\t<\/div>\n\t\t\t\t\t<\/div>\n\t\t\t\t<\/div>\n\t\t<div class=\"elementor-element elementor-element-a9413b5 e-flex e-con-boxed e-con e-parent\" data-id=\"a9413b5\" data-element_type=\"container\" data-e-type=\"container\">\n\t\t\t\t\t<div class=\"e-con-inner\">\n\t\t\t\t\t<\/div>\n\t\t\t\t<\/div>\n\t\t\t\t<\/div>\n\t\t","protected":false},"excerpt":{"rendered":"<p>Terapia individual Infanto-juvenil Psicoterapia en ni\u00f1os Proporciono un espacio seguro, que se adapte a ellos y a sus necesidades. A [&hellip;]<\/p>\n","protected":false},"author":1,"featured_media":0,"parent":0,"menu_order":0,"comment_status":"closed","ping_status":"closed","template":"","meta":{"site-sidebar-layout":"no-sidebar","site-content-layout":"","ast-site-content-layout":"full-width-container","site-content-style":"default","site-sidebar-style":"default","ast-global-header-display":"","ast-banner-title-visibility":"","ast-main-header-display":"","ast-hfb-above-header-display":"","ast-hfb-below-header-display":"","ast-hfb-mobile-header-display":"","site-post-title":"","ast-breadcrumbs-content":"","ast-featured-img":"disabled","footer-sml-layout":"","ast-disable-related-posts":"","theme-transparent-header-meta":"","adv-header-id-meta":"","stick-header-meta":"","header-above-stick-meta":"","header-main-stick-meta":"","header-below-stick-meta":"","astra-migrate-meta-layouts":"default","ast-page-background-enabled":"default","ast-page-background-meta":{"desktop":{"background-color":"var(--ast-global-color-5)","background-image":"","background-repeat":"repeat","background-position":"center center","background-size":"auto","background-attachment":"scroll","background-type":"","background-media":"","overlay-type":"","overlay-color":"","overlay-opacity":"","overlay-gradient":""},"tablet":{"background-color":"","background-image":"","background-repeat":"repeat","background-position":"center center","background-size":"auto","background-attachment":"scroll","background-type":"","background-media":"","overlay-type":"","overlay-color":"","overlay-opacity":"","overlay-gradient":""},"mobile":{"background-color":"","background-image":"","background-repeat":"repeat","background-position":"center center","background-size":"auto","background-attachment":"scroll","background-type":"","background-media":"","overlay-type":"","overlay-color":"","overlay-opacity":"","overlay-gradient":""}},"ast-content-background-meta":{"desktop":{"background-color":"var(--ast-global-color-4)","background-image":"","background-repeat":"repeat","background-position":"center center","background-size":"auto","background-attachment":"scroll","background-type":"","background-media":"","overlay-type":"","overlay-color":"","overlay-opacity":"","overlay-gradient":""},"tablet":{"background-color":"var(--ast-global-color-4)","background-image":"","background-repeat":"repeat","background-position":"center center","background-size":"auto","background-attachment":"scroll","background-type":"","background-media":"","overlay-type":"","overlay-color":"","overlay-opacity":"","overlay-gradient":""},"mobile":{"background-color":"var(--ast-global-color-4)","background-image":"","background-repeat":"repeat","background-position":"center center","background-size":"auto","background-attachment":"scroll","background-type":"","background-media":"","overlay-type":"","overlay-color":"","overlay-opacity":"","overlay-gradient":""}},"footnotes":""},"class_list":["post-32","page","type-page","status-publish","hentry"],"_links":{"self":[{"href":"https:\/\/psicoterapiasoniaferrer.es\/index.php\/wp-json\/wp\/v2\/pages\/32","targetHints":{"allow":["GET"]}}],"collection":[{"href":"https:\/\/psicoterapiasoniaferrer.es\/index.php\/wp-json\/wp\/v2\/pages"}],"about":[{"href":"https:\/\/psicoterapiasoniaferrer.es\/index.php\/wp-json\/wp\/v2\/types\/page"}],"author":[{"embeddable":true,"href":"https:\/\/psicoterapiasoniaferrer.es\/index.php\/wp-json\/wp\/v2\/users\/1"}],"replies":[{"embeddable":true,"href":"https:\/\/psicoterapiasoniaferrer.es\/index.php\/wp-json\/wp\/v2\/comments?post=32"}],"version-history":[{"count":214,"href":"https:\/\/psicoterapiasoniaferrer.es\/index.php\/wp-json\/wp\/v2\/pages\/32\/revisions"}],"predecessor-version":[{"id":872,"href":"https:\/\/psicoterapiasoniaferrer.es\/index.php\/wp-json\/wp\/v2\/pages\/32\/revisions\/872"}],"wp:attachment":[{"href":"https:\/\/psicoterapiasoniaferrer.es\/index.php\/wp-json\/wp\/v2\/media?parent=32"}],"curies":[{"name":"wp","href":"https:\/\/api.w.org\/{rel}","templated":true}]}}